{"id":4103,"date":"2022-08-08T03:13:43","date_gmt":"2022-08-08T03:13:43","guid":{"rendered":"https:\/\/william.sacredheartvidalia.org\/?page_id=4103"},"modified":"2022-08-08T03:33:37","modified_gmt":"2022-08-08T03:33:37","slug":"pray","status":"publish","type":"page","link":"https:\/\/www.buildingthebody.org\/es\/pray\/","title":{"rendered":"Reza"},"content":{"rendered":"<div data-elementor-type=\"wp-page\" data-elementor-id=\"4103\" class=\"elementor elementor-4103\">\n\t\t\t\t\t\t<section class=\"elementor-section elementor-top-section elementor-element elementor-element-7654b20 elementor-section-height-min-height elementor-section-content-bottom elementor-section-items-bottom elementor-section-boxed elementor-section-height-default\" data-id=\"7654b20\" data-element_type=\"section\" data-settings=\"{&quot;background_background&quot;:&quot;classic&quot;}\">\n\t\t\t\t\t\t\t<div class=\"elementor-background-overlay\"><\/div>\n\t\t\t\t\t\t\t<div class=\"elementor-container elementor-column-gap-no\">\n\t\t\t\t\t<div class=\"elementor-column elementor-col-100 elementor-top-column elementor-element elementor-element-f3a10ac\" data-id=\"f3a10ac\" data-element_type=\"column\">\n\t\t\t<div class=\"elementor-widget-wrap elementor-element-populated\">\n\t\t\t\t\t\t<div class=\"elementor-element elementor-element-7cdac4f elementor-widget elementor-widget-heading\" data-id=\"7cdac4f\" data-element_type=\"widget\" data-widget_type=\"heading.default\">\n\t\t\t\t<div class=\"elementor-widget-container\">\n\t\t\t<style>\/*! elementor - v3.21.0 - 26-05-2024 *\/\n.elementor-heading-title{padding:0;margin:0;line-height:1}.elementor-widget-heading .elementor-heading-title[class*=elementor-size-]>a{color:inherit;font-size:inherit;line-height:inherit}.elementor-widget-heading .elementor-heading-title.elementor-size-small{font-size:15px}.elementor-widget-heading .elementor-heading-title.elementor-size-medium{font-size:19px}.elementor-widget-heading .elementor-heading-title.elementor-size-large{font-size:29px}.elementor-widget-heading .elementor-heading-title.elementor-size-xl{font-size:39px}.elementor-widget-heading .elementor-heading-title.elementor-size-xxl{font-size:59px}<\/style><h2 class=\"elementor-heading-title elementor-size-default\"><i>Reza<\/i><\/h2>\t\t<\/div>\n\t\t\t\t<\/div>\n\t\t\t\t\t<\/div>\n\t\t<\/div>\n\t\t\t\t\t<\/div>\n\t\t<\/section>\n\t\t\t\t<section class=\"elementor-section elementor-top-section elementor-element elementor-element-dd0bdfe elementor-section-boxed elementor-section-height-default elementor-section-height-default\" data-id=\"dd0bdfe\" data-element_type=\"section\">\n\t\t\t\t\t\t<div class=\"elementor-container elementor-column-gap-default\">\n\t\t\t\t\t<div class=\"elementor-column elementor-col-100 elementor-top-column elementor-element elementor-element-793975a\" data-id=\"793975a\" data-element_type=\"column\" data-settings=\"{&quot;background_background&quot;:&quot;classic&quot;}\">\n\t\t\t<div class=\"elementor-widget-wrap elementor-element-populated\">\n\t\t\t\t\t\t<div class=\"elementor-element elementor-element-ff7cb2b elementor-widget elementor-widget-spacer\" data-id=\"ff7cb2b\" data-element_type=\"widget\" data-widget_type=\"spacer.default\">\n\t\t\t\t<div class=\"elementor-widget-container\">\n\t\t\t<style>\/*! elementor - v3.21.0 - 26-05-2024 *\/\n.elementor-column .elementor-spacer-inner{height:var(--spacer-size)}.e-con{--container-widget-width:100%}.e-con-inner>.elementor-widget-spacer,.e-con>.elementor-widget-spacer{width:var(--container-widget-width,var(--spacer-size));--align-self:var(--container-widget-align-self,initial);--flex-shrink:0}.e-con-inner>.elementor-widget-spacer>.elementor-widget-container,.e-con>.elementor-widget-spacer>.elementor-widget-container{height:100%;width:100%}.e-con-inner>.elementor-widget-spacer>.elementor-widget-container>.elementor-spacer,.e-con>.elementor-widget-spacer>.elementor-widget-container>.elementor-spacer{height:100%}.e-con-inner>.elementor-widget-spacer>.elementor-widget-container>.elementor-spacer>.elementor-spacer-inner,.e-con>.elementor-widget-spacer>.elementor-widget-container>.elementor-spacer>.elementor-spacer-inner{height:var(--container-widget-height,var(--spacer-size))}.e-con-inner>.elementor-widget-spacer.elementor-widget-empty,.e-con>.elementor-widget-spacer.elementor-widget-empty{position:relative;min-height:22px;min-width:22px}.e-con-inner>.elementor-widget-spacer.elementor-widget-empty .elementor-widget-empty-icon,.e-con>.elementor-widget-spacer.elementor-widget-empty .elementor-widget-empty-icon{position:absolute;top:0;bottom:0;left:0;right:0;margin:auto;padding:0;width:22px;height:22px}<\/style>\t\t<div class=\"elementor-spacer\">\n\t\t\t<div class=\"elementor-spacer-inner\"><\/div>\n\t\t<\/div>\n\t\t\t\t<\/div>\n\t\t\t\t<\/div>\n\t\t\t\t<div class=\"elementor-element elementor-element-e922039 elementor-widget elementor-widget-spacer\" data-id=\"e922039\" data-element_type=\"widget\" data-widget_type=\"spacer.default\">\n\t\t\t\t<div class=\"elementor-widget-container\">\n\t\t\t\t\t<div class=\"elementor-spacer\">\n\t\t\t<div class=\"elementor-spacer-inner\"><\/div>\n\t\t<\/div>\n\t\t\t\t<\/div>\n\t\t\t\t<\/div>\n\t\t\t\t<div class=\"elementor-element elementor-element-45140d0 elementor-widget elementor-widget-heading\" data-id=\"45140d0\" data-element_type=\"widget\" data-widget_type=\"heading.default\">\n\t\t\t\t<div class=\"elementor-widget-container\">\n\t\t\t<h2 class=\"elementor-heading-title elementor-size-default\">Nuestra Oraci\u00f3n de la Campa\u00f1a<\/h2>\t\t<\/div>\n\t\t\t\t<\/div>\n\t\t\t\t<div class=\"elementor-element elementor-element-32453be elementor-widget elementor-widget-text-editor\" data-id=\"32453be\" data-element_type=\"widget\" data-widget_type=\"text-editor.default\">\n\t\t\t\t<div class=\"elementor-widget-container\">\n\t\t\t<style>\/*! elementor - v3.21.0 - 26-05-2024 *\/\n.elementor-widget-text-editor.elementor-drop-cap-view-stacked .elementor-drop-cap{background-color:#69727d;color:#fff}.elementor-widget-text-editor.elementor-drop-cap-view-framed .elementor-drop-cap{color:#69727d;border:3px solid;background-color:transparent}.elementor-widget-text-editor:not(.elementor-drop-cap-view-default) .elementor-drop-cap{margin-top:8px}.elementor-widget-text-editor:not(.elementor-drop-cap-view-default) .elementor-drop-cap-letter{width:1em;height:1em}.elementor-widget-text-editor .elementor-drop-cap{float:left;text-align:center;line-height:1;font-size:50px}.elementor-widget-text-editor .elementor-drop-cap-letter{display:inline-block}<\/style>\t\t\t\t<p>Ingles<\/p>\t\t\t\t\t\t<\/div>\n\t\t\t\t<\/div>\n\t\t\t\t<div class=\"elementor-element elementor-element-25e006f elementor-widget elementor-widget-text-editor\" data-id=\"25e006f\" data-element_type=\"widget\" data-widget_type=\"text-editor.default\">\n\t\t\t\t<div class=\"elementor-widget-container\">\n\t\t\t\t\t\t\t<p>Loving Jesus,<\/p>\n<p>a<span style=\"font-style: inherit; font-weight: inherit; color: var(--ast-global-color-3);\">s you have made us One Body in you, <br>inflame us&nbsp;<\/span><span style=\"font-style: inherit; font-weight: inherit; color: var(--ast-global-color-3);\">with the burning&nbsp;<br><\/span><span style=\"color: var(--ast-global-color-3); font-style: inherit; font-weight: inherit;\">love of your Most Sacred Heart.&nbsp;<\/span><\/p>\n<p><span style=\"font-style: inherit; font-weight: inherit; color: var(--ast-global-color-3);\">Enlarge our hearts through <br>this Capital Campaign<br>&nbsp;as&nbsp;<\/span><span style=\"font-style: inherit; font-weight: inherit; color: var(--ast-global-color-3);\">we work and sacrifice together, <br>to gather from your&nbsp;<\/span><span style=\"font-style: inherit; font-weight: inherit; color: var(--ast-global-color-3);\">generous gifts to us <br>what we need to build a new&nbsp;<\/span><span style=\"font-style: inherit; font-weight: inherit; color: var(--ast-global-color-3);\">church, <br>worthy of your worship, <br>and wide enough for a<\/span><span style=\"font-style: inherit; font-weight: inherit; color: var(--ast-global-color-3);\">ll who seek you.&nbsp;<\/span><\/p>\n<p><span style=\"font-style: inherit; font-weight: inherit; color: var(--ast-global-color-3);\">Through the intercession of Mary, <br>your Immaculate&nbsp;<\/span><span style=\"font-style: inherit; font-weight: inherit; color: var(--ast-global-color-3);\">Mother <br>and Mother of the Church, <br>in union with all&nbsp;<\/span><span style=\"font-style: inherit; font-weight: inherit; color: var(--ast-global-color-3);\">the A<\/span><span style=\"font-style: inherit; font-weight: inherit; color: var(--ast-global-color-3);\">ngels and Saints, <br>banish from our house <br>all the&nbsp;<\/span><span style=\"font-style: inherit; font-weight: inherit; color: var(--ast-global-color-3);\">power of the enemy. <br>Bless our work, <br>keep us in your&nbsp;<\/span><span style=\"font-style: inherit; font-weight: inherit; color: var(--ast-global-color-3);\">peace, <br>and guide as we humbly <br>seek to build up the&nbsp;<\/span><span style=\"font-style: inherit; font-weight: inherit; color: var(--ast-global-color-3);\">Body of Christ.<\/span><\/p>\n<p><span style=\"font-style: inherit; font-weight: inherit; color: var(--ast-global-color-3);\">We ask this in your Holy Name.&nbsp;<\/span><\/p><p><span style=\"color: var(--ast-global-color-3);\"><b><i>Amen<\/i><\/b><\/span><span style=\"font-style: inherit; font-weight: inherit; color: var(--ast-global-color-3);\">.<\/span><\/p>\t\t\t\t\t\t<\/div>\n\t\t\t\t<\/div>\n\t\t\t\t<div class=\"elementor-element elementor-element-4665364 elementor-widget elementor-widget-text-editor\" data-id=\"4665364\" data-element_type=\"widget\" data-widget_type=\"text-editor.default\">\n\t\t\t\t<div class=\"elementor-widget-container\">\n\t\t\t\t\t\t\t<p><span style=\"font-style: inherit; font-weight: inherit; color: var(--ast-global-color-3);\">Espa\u00f1ol<\/span><br><\/p>\t\t\t\t\t\t<\/div>\n\t\t\t\t<\/div>\n\t\t\t\t<div class=\"elementor-element elementor-element-b706584 elementor-widget elementor-widget-text-editor\" data-id=\"b706584\" data-element_type=\"widget\" data-widget_type=\"text-editor.default\">\n\t\t\t\t<div class=\"elementor-widget-container\">\n\t\t\t\t\t\t\t<p><span style=\"font-style: inherit; font-weight: inherit; color: var(--ast-global-color-3);\">Jes\u00fas amoroso,<\/span><\/p>\n<p>Como nos has hecho&nbsp;<span style=\"font-style: inherit; font-weight: inherit; color: var(--ast-global-color-3);\">Un Cuerpo en ti, <br>infl\u00e1manos con el amor <br>ardiente de tu Sagrad\u00edsimo Coraz\u00f3n.<br>Engrandece nuestros corazones <br>a trav\u00e9s de esta Campa\u00f1a Capital mientras trabajamos y sacrificamos juntos, <br>para recolectar de sus regalos generososa<br>nosotros lo que necesitamos <br>para construir una Iglesia nueva, <br>digna de tu alabanza, <br>y amplia para todos que te buscan.&nbsp;<\/span><\/p>\n<p><span style=\"font-style: inherit; font-weight: inherit; color: var(--ast-global-color-3);\">Por medio de la intercesi\u00f3n de Mar\u00eda, <br>tu Madre Inmaculada <br>y Madre de la Iglesia, <br>en uni\u00f3n con todos los<br>\u00e1ngeles y Santos, <br>aleja de nuestra casa todo el poder<br>del enemigo. <br>Bendice nuestro trabajo, <br>mantennos en tu paz, <br>y gu\u00edanos mientras <br>buscamos humildemente<br>a construir el Cuerpo de Cristo.&nbsp;<\/span><\/p>\n<p><span style=\"font-style: inherit; font-weight: inherit; color: var(--ast-global-color-3);\">Esto te lo pedimos <br>en tu Santo Nombre.&nbsp;<\/span><\/p>\n<p><span style=\"color: var(--ast-global-color-3);\"><b><i>Amen<\/i><\/b><\/span><span style=\"font-style: inherit; font-weight: inherit; color: var(--ast-global-color-3);\">.<\/span><\/p>\t\t\t\t\t\t<\/div>\n\t\t\t\t<\/div>\n\t\t\t\t<div class=\"elementor-element elementor-element-8d35ebf elementor-widget elementor-widget-spacer\" data-id=\"8d35ebf\" data-element_type=\"widget\" data-widget_type=\"spacer.default\">\n\t\t\t\t<div class=\"elementor-widget-container\">\n\t\t\t\t\t<div class=\"elementor-spacer\">\n\t\t\t<div class=\"elementor-spacer-inner\"><\/div>\n\t\t<\/div>\n\t\t\t\t<\/div>\n\t\t\t\t<\/div>\n\t\t\t\t<div class=\"elementor-element elementor-element-6b0ba15 elementor-widget elementor-widget-spacer\" data-id=\"6b0ba15\" data-element_type=\"widget\" data-widget_type=\"spacer.default\">\n\t\t\t\t<div class=\"elementor-widget-container\">\n\t\t\t\t\t<div class=\"elementor-spacer\">\n\t\t\t<div class=\"elementor-spacer-inner\"><\/div>\n\t\t<\/div>\n\t\t\t\t<\/div>\n\t\t\t\t<\/div>\n\t\t\t\t\t<\/div>\n\t\t<\/div>\n\t\t\t\t\t<\/div>\n\t\t<\/section>\n\t\t\t\t<\/div>","protected":false},"excerpt":{"rendered":"<p>Pray OUR CAMPAIGN PRAYER English Loving Jesus, as you have made us One Body in you, inflame us&nbsp;with the burning&nbsp;love of your Most Sacred Heart.&nbsp; Enlarge our hearts through this Capital Campaign&nbsp;as&nbsp;we work and sacrifice together, to gather from your&nbsp;generous gifts to us what we need to build a new&nbsp;church, worthy of your worship, and &hellip;<\/p>\n<p class=\"read-more\"> <a class=\"\" href=\"https:\/\/www.buildingthebody.org\/es\/pray\/\"> <span class=\"screen-reader-text\">Reza<\/span> Leer m\u00e1s &raquo;<\/a><\/p>","protected":false},"author":3,"featured_media":0,"parent":0,"menu_order":0,"comment_status":"closed","ping_status":"closed","template":"","meta":{"site-sidebar-layout":"no-sidebar","site-content-layout":"page-builder","ast-global-header-display":"","ast-main-header-display":"","ast-hfb-above-header-display":"","ast-hfb-below-header-display":"","ast-hfb-mobile-header-display":"","site-post-title":"disabled","ast-breadcrumbs-content":"disabled","ast-featured-img":"disabled","footer-sml-layout":"","theme-transparent-header-meta":"enabled","adv-header-id-meta":"","stick-header-meta":"","header-above-stick-meta":"","header-main-stick-meta":"","header-below-stick-meta":"","footnotes":""},"aioseo_notices":[],"_links":{"self":[{"href":"https:\/\/www.buildingthebody.org\/es\/wp-json\/wp\/v2\/pages\/4103"}],"collection":[{"href":"https:\/\/www.buildingthebody.org\/es\/wp-json\/wp\/v2\/pages"}],"about":[{"href":"https:\/\/www.buildingthebody.org\/es\/wp-json\/wp\/v2\/types\/page"}],"author":[{"embeddable":true,"href":"https:\/\/www.buildingthebody.org\/es\/wp-json\/wp\/v2\/users\/3"}],"replies":[{"embeddable":true,"href":"https:\/\/www.buildingthebody.org\/es\/wp-json\/wp\/v2\/comments?post=4103"}],"version-history":[{"count":4,"href":"https:\/\/www.buildingthebody.org\/es\/wp-json\/wp\/v2\/pages\/4103\/revisions"}],"predecessor-version":[{"id":4107,"href":"https:\/\/www.buildingthebody.org\/es\/wp-json\/wp\/v2\/pages\/4103\/revisions\/4107"}],"wp:attachment":[{"href":"https:\/\/www.buildingthebody.org\/es\/wp-json\/wp\/v2\/media?parent=4103"}],"curies":[{"name":"wp","href":"https:\/\/api.w.org\/{rel}","templated":true}]}}