{"id":4108,"date":"2022-08-08T03:38:45","date_gmt":"2022-08-08T03:38:45","guid":{"rendered":"https:\/\/william.sacredheartvidalia.org\/?page_id=4108"},"modified":"2022-08-26T08:00:33","modified_gmt":"2022-08-26T08:00:33","slug":"giving-options","status":"publish","type":"page","link":"https:\/\/www.buildingthebody.org\/es\/giving-options\/","title":{"rendered":"Opciones para Dar"},"content":{"rendered":"<div data-elementor-type=\"wp-page\" data-elementor-id=\"4108\" class=\"elementor elementor-4108\">\n\t\t\t\t\t\t<section class=\"elementor-section elementor-top-section elementor-element elementor-element-7654b20 elementor-section-height-min-height elementor-section-content-bottom elementor-section-items-bottom elementor-section-boxed elementor-section-height-default\" data-id=\"7654b20\" data-element_type=\"section\" data-settings=\"{&quot;background_background&quot;:&quot;classic&quot;}\">\n\t\t\t\t\t\t\t<div class=\"elementor-background-overlay\"><\/div>\n\t\t\t\t\t\t\t<div class=\"elementor-container elementor-column-gap-no\">\n\t\t\t\t\t<div class=\"elementor-column elementor-col-100 elementor-top-column elementor-element elementor-element-f3a10ac\" data-id=\"f3a10ac\" data-element_type=\"column\">\n\t\t\t<div class=\"elementor-widget-wrap elementor-element-populated\">\n\t\t\t\t\t\t<div class=\"elementor-element elementor-element-7cdac4f elementor-widget elementor-widget-heading\" data-id=\"7cdac4f\" data-element_type=\"widget\" data-widget_type=\"heading.default\">\n\t\t\t\t<div class=\"elementor-widget-container\">\n\t\t\t<style>\/*! elementor - v3.21.0 - 26-05-2024 *\/\n.elementor-heading-title{padding:0;margin:0;line-height:1}.elementor-widget-heading .elementor-heading-title[class*=elementor-size-]>a{color:inherit;font-size:inherit;line-height:inherit}.elementor-widget-heading .elementor-heading-title.elementor-size-small{font-size:15px}.elementor-widget-heading .elementor-heading-title.elementor-size-medium{font-size:19px}.elementor-widget-heading .elementor-heading-title.elementor-size-large{font-size:29px}.elementor-widget-heading .elementor-heading-title.elementor-size-xl{font-size:39px}.elementor-widget-heading .elementor-heading-title.elementor-size-xxl{font-size:59px}<\/style><h2 class=\"elementor-heading-title elementor-size-default\"><i>Maneras para Donar<\/i><\/h2>\t\t<\/div>\n\t\t\t\t<\/div>\n\t\t\t\t\t<\/div>\n\t\t<\/div>\n\t\t\t\t\t<\/div>\n\t\t<\/section>\n\t\t\t\t<section class=\"elementor-section elementor-top-section elementor-element elementor-element-dd0bdfe elementor-section-boxed elementor-section-height-default elementor-section-height-default\" data-id=\"dd0bdfe\" data-element_type=\"section\">\n\t\t\t\t\t\t<div class=\"elementor-container elementor-column-gap-default\">\n\t\t\t\t\t<div class=\"elementor-column elementor-col-100 elementor-top-column elementor-element elementor-element-793975a\" data-id=\"793975a\" data-element_type=\"column\" data-settings=\"{&quot;background_background&quot;:&quot;classic&quot;}\">\n\t\t\t<div class=\"elementor-widget-wrap elementor-element-populated\">\n\t\t\t\t\t\t<div class=\"elementor-element elementor-element-ff7cb2b elementor-widget elementor-widget-spacer\" data-id=\"ff7cb2b\" data-element_type=\"widget\" data-widget_type=\"spacer.default\">\n\t\t\t\t<div class=\"elementor-widget-container\">\n\t\t\t<style>\/*! elementor - v3.21.0 - 26-05-2024 *\/\n.elementor-column .elementor-spacer-inner{height:var(--spacer-size)}.e-con{--container-widget-width:100%}.e-con-inner>.elementor-widget-spacer,.e-con>.elementor-widget-spacer{width:var(--container-widget-width,var(--spacer-size));--align-self:var(--container-widget-align-self,initial);--flex-shrink:0}.e-con-inner>.elementor-widget-spacer>.elementor-widget-container,.e-con>.elementor-widget-spacer>.elementor-widget-container{height:100%;width:100%}.e-con-inner>.elementor-widget-spacer>.elementor-widget-container>.elementor-spacer,.e-con>.elementor-widget-spacer>.elementor-widget-container>.elementor-spacer{height:100%}.e-con-inner>.elementor-widget-spacer>.elementor-widget-container>.elementor-spacer>.elementor-spacer-inner,.e-con>.elementor-widget-spacer>.elementor-widget-container>.elementor-spacer>.elementor-spacer-inner{height:var(--container-widget-height,var(--spacer-size))}.e-con-inner>.elementor-widget-spacer.elementor-widget-empty,.e-con>.elementor-widget-spacer.elementor-widget-empty{position:relative;min-height:22px;min-width:22px}.e-con-inner>.elementor-widget-spacer.elementor-widget-empty .elementor-widget-empty-icon,.e-con>.elementor-widget-spacer.elementor-widget-empty .elementor-widget-empty-icon{position:absolute;top:0;bottom:0;left:0;right:0;margin:auto;padding:0;width:22px;height:22px}<\/style>\t\t<div class=\"elementor-spacer\">\n\t\t\t<div class=\"elementor-spacer-inner\"><\/div>\n\t\t<\/div>\n\t\t\t\t<\/div>\n\t\t\t\t<\/div>\n\t\t\t\t<div class=\"elementor-element elementor-element-e922039 elementor-widget elementor-widget-spacer\" data-id=\"e922039\" data-element_type=\"widget\" data-widget_type=\"spacer.default\">\n\t\t\t\t<div class=\"elementor-widget-container\">\n\t\t\t\t\t<div class=\"elementor-spacer\">\n\t\t\t<div class=\"elementor-spacer-inner\"><\/div>\n\t\t<\/div>\n\t\t\t\t<\/div>\n\t\t\t\t<\/div>\n\t\t\t\t<div class=\"elementor-element elementor-element-32453be elementor-widget elementor-widget-text-editor\" data-id=\"32453be\" data-element_type=\"widget\" data-widget_type=\"text-editor.default\">\n\t\t\t\t<div class=\"elementor-widget-container\">\n\t\t\t<style>\/*! elementor - v3.21.0 - 26-05-2024 *\/\n.elementor-widget-text-editor.elementor-drop-cap-view-stacked .elementor-drop-cap{background-color:#69727d;color:#fff}.elementor-widget-text-editor.elementor-drop-cap-view-framed .elementor-drop-cap{color:#69727d;border:3px solid;background-color:transparent}.elementor-widget-text-editor:not(.elementor-drop-cap-view-default) .elementor-drop-cap{margin-top:8px}.elementor-widget-text-editor:not(.elementor-drop-cap-view-default) .elementor-drop-cap-letter{width:1em;height:1em}.elementor-widget-text-editor .elementor-drop-cap{float:left;text-align:center;line-height:1;font-size:50px}.elementor-widget-text-editor .elementor-drop-cap-letter{display:inline-block}<\/style>\t\t\t\t<p>+<\/p>\t\t\t\t\t\t<\/div>\n\t\t\t\t<\/div>\n\t\t\t\t<div class=\"elementor-element elementor-element-25e006f elementor-widget elementor-widget-text-editor\" data-id=\"25e006f\" data-element_type=\"widget\" data-widget_type=\"text-editor.default\">\n\t\t\t\t<div class=\"elementor-widget-container\">\n\t\t\t\t\t\t\t<p>Invitamos a los feligreses a reorientar sus vidas en torno a la providencia de Dios, a pagarla generosamente asumiendo un riesgo en la confianza.&nbsp;<br><\/p>\t\t\t\t\t\t<\/div>\n\t\t\t\t<\/div>\n\t\t\t\t<div class=\"elementor-element elementor-element-9e7b047 elementor-widget elementor-widget-heading\" data-id=\"9e7b047\" data-element_type=\"widget\" data-widget_type=\"heading.default\">\n\t\t\t\t<div class=\"elementor-widget-container\">\n\t\t\t<h2 class=\"elementor-heading-title elementor-size-default\"><i>Valoramos cada contribuci\u00f3n, sin importar el tama\u00f1o, porque sabemos que dar requiere sacrificio.<\/i><\/h2>\t\t<\/div>\n\t\t\t\t<\/div>\n\t\t\t\t<div class=\"elementor-element elementor-element-7913cb8 elementor-widget elementor-widget-text-editor\" data-id=\"7913cb8\" data-element_type=\"widget\" data-widget_type=\"text-editor.default\">\n\t\t\t\t<div class=\"elementor-widget-container\">\n\t\t\t\t\t\t\t<p>Confiamos en que Dios es Quien trae el crecimiento, para que podamos avanzar sin ansiedad, confiados en que \u00c9l provee.<\/p>\t\t\t\t\t\t<\/div>\n\t\t\t\t<\/div>\n\t\t\t\t<div class=\"elementor-element elementor-element-82e2b45 elementor-widget elementor-widget-text-editor\" data-id=\"82e2b45\" data-element_type=\"widget\" data-widget_type=\"text-editor.default\">\n\t\t\t\t<div class=\"elementor-widget-container\">\n\t\t\t\t\t\t\t<p>+<\/p>\t\t\t\t\t\t<\/div>\n\t\t\t\t<\/div>\n\t\t\t\t<div class=\"elementor-element elementor-element-8d35ebf elementor-widget elementor-widget-spacer\" data-id=\"8d35ebf\" data-element_type=\"widget\" data-widget_type=\"spacer.default\">\n\t\t\t\t<div class=\"elementor-widget-container\">\n\t\t\t\t\t<div class=\"elementor-spacer\">\n\t\t\t<div class=\"elementor-spacer-inner\"><\/div>\n\t\t<\/div>\n\t\t\t\t<\/div>\n\t\t\t\t<\/div>\n\t\t\t\t<div class=\"elementor-element elementor-element-6b0ba15 elementor-widget elementor-widget-spacer\" data-id=\"6b0ba15\" data-element_type=\"widget\" data-widget_type=\"spacer.default\">\n\t\t\t\t<div class=\"elementor-widget-container\">\n\t\t\t\t\t<div class=\"elementor-spacer\">\n\t\t\t<div class=\"elementor-spacer-inner\"><\/div>\n\t\t<\/div>\n\t\t\t\t<\/div>\n\t\t\t\t<\/div>\n\t\t\t\t\t<\/div>\n\t\t<\/div>\n\t\t\t\t\t<\/div>\n\t\t<\/section>\n\t\t\t\t<section class=\"elementor-section elementor-top-section elementor-element elementor-element-2ab0110 elementor-section-height-min-height elementor-section-boxed elementor-section-height-default elementor-section-items-middle\" data-id=\"2ab0110\" data-element_type=\"section\" data-settings=\"{&quot;background_background&quot;:&quot;classic&quot;}\">\n\t\t\t\t\t\t\t<div class=\"elementor-background-overlay\"><\/div>\n\t\t\t\t\t\t\t<div class=\"elementor-container elementor-column-gap-no\">\n\t\t\t\t\t<div class=\"elementor-column elementor-col-100 elementor-top-column elementor-element elementor-element-0ed000a\" data-id=\"0ed000a\" data-element_type=\"column\">\n\t\t\t<div class=\"elementor-widget-wrap\">\n\t\t\t\t\t\t\t<\/div>\n\t\t<\/div>\n\t\t\t\t\t<\/div>\n\t\t<\/section>\n\t\t\t\t<section class=\"elementor-section elementor-top-section elementor-element elementor-element-2163f39 elementor-section-boxed elementor-section-height-default elementor-section-height-default\" data-id=\"2163f39\" data-element_type=\"section\">\n\t\t\t\t\t\t<div class=\"elementor-container elementor-column-gap-default\">\n\t\t\t\t\t<div class=\"elementor-column elementor-col-100 elementor-top-column elementor-element elementor-element-cc79361\" data-id=\"cc79361\" data-element_type=\"column\">\n\t\t\t<div class=\"elementor-widget-wrap elementor-element-populated\">\n\t\t\t\t\t\t<div class=\"elementor-element elementor-element-c8e3454 elementor-widget elementor-widget-spacer\" data-id=\"c8e3454\" data-element_type=\"widget\" data-widget_type=\"spacer.default\">\n\t\t\t\t<div class=\"elementor-widget-container\">\n\t\t\t\t\t<div class=\"elementor-spacer\">\n\t\t\t<div class=\"elementor-spacer-inner\"><\/div>\n\t\t<\/div>\n\t\t\t\t<\/div>\n\t\t\t\t<\/div>\n\t\t\t\t<section class=\"elementor-section elementor-inner-section elementor-element elementor-element-df46fa6 elementor-section-boxed elementor-section-height-default elementor-section-height-default\" data-id=\"df46fa6\" data-element_type=\"section\">\n\t\t\t\t\t\t<div class=\"elementor-container elementor-column-gap-default\">\n\t\t\t\t\t<div class=\"elementor-column elementor-col-50 elementor-inner-column elementor-element elementor-element-5e51dc9\" data-id=\"5e51dc9\" data-element_type=\"column\">\n\t\t\t<div class=\"elementor-widget-wrap elementor-element-populated\">\n\t\t\t\t\t\t<div class=\"elementor-element elementor-element-5795f08 elementor-widget elementor-widget-heading\" data-id=\"5795f08\" data-element_type=\"widget\" data-widget_type=\"heading.default\">\n\t\t\t\t<div class=\"elementor-widget-container\">\n\t\t\t<h2 class=\"elementor-heading-title elementor-size-default\">LLAMADOS A MAS<\/h2>\t\t<\/div>\n\t\t\t\t<\/div>\n\t\t\t\t<div class=\"elementor-element elementor-element-d7191a0 elementor-widget elementor-widget-heading\" data-id=\"d7191a0\" data-element_type=\"widget\" data-widget_type=\"heading.default\">\n\t\t\t\t<div class=\"elementor-widget-container\">\n\t\t\t<h2 class=\"elementor-heading-title elementor-size-default\"><i>\"Aqu\u00ed estoy Se\u00f1or, vengo a hacer tu voluntad\". - Salmo 40<\/i><\/h2>\t\t<\/div>\n\t\t\t\t<\/div>\n\t\t\t\t\t<\/div>\n\t\t<\/div>\n\t\t\t\t<div class=\"elementor-column elementor-col-50 elementor-inner-column elementor-element elementor-element-3b44557\" data-id=\"3b44557\" data-element_type=\"column\">\n\t\t\t<div class=\"elementor-widget-wrap elementor-element-populated\">\n\t\t\t\t\t\t<div class=\"elementor-element elementor-element-1cf0d63 elementor-widget elementor-widget-text-editor\" data-id=\"1cf0d63\" data-element_type=\"widget\" data-widget_type=\"text-editor.default\">\n\t\t\t\t<div class=\"elementor-widget-container\">\n\t\t\t\t\t\t\t<p>Invitamos a los feligreses a considerar en oraci\u00f3n un regalo sacrificial y especial que va m\u00e1s all\u00e1 de su ofrenda anual.<\/p><p>Para lograr los objetivos de nuestra campa\u00f1a, debemos confiar en la participaci\u00f3n y generosidad de cada familia parroquial. Mira la tabla de donaciones a continuaci\u00f3n mientras considera en oraci\u00f3n su nivel de apoyo. \u00a1Tu regalo hace la diferencia! Los regalos m\u00e1s all\u00e1 de este cuadro son bienvenidos.<\/p>\t\t\t\t\t\t<\/div>\n\t\t\t\t<\/div>\n\t\t\t\t<div class=\"elementor-element elementor-element-0c5957d elementor-widget elementor-widget-image\" data-id=\"0c5957d\" data-element_type=\"widget\" data-widget_type=\"image.default\">\n\t\t\t\t<div class=\"elementor-widget-container\">\n\t\t\t<style>\/*! elementor - v3.21.0 - 26-05-2024 *\/\n.elementor-widget-image{text-align:center}.elementor-widget-image a{display:inline-block}.elementor-widget-image a img[src$=\".svg\"]{width:48px}.elementor-widget-image img{vertical-align:middle;display:inline-block}<\/style>\t\t\t\t\t\t\t\t\t\t<img fetchpriority=\"high\" decoding=\"async\" width=\"1024\" height=\"517\" src=\"https:\/\/www.buildingthebody.org\/wp-content\/uploads\/2022\/08\/Book1-page-001-scaled-e1659977301635-1024x517.jpg\" class=\"attachment-large size-large wp-image-4202\" alt=\"\" srcset=\"https:\/\/www.buildingthebody.org\/wp-content\/uploads\/2022\/08\/Book1-page-001-scaled-e1659977301635-1024x517.jpg 1024w, https:\/\/www.buildingthebody.org\/wp-content\/uploads\/2022\/08\/Book1-page-001-scaled-e1659977301635-300x151.jpg 300w, https:\/\/www.buildingthebody.org\/wp-content\/uploads\/2022\/08\/Book1-page-001-scaled-e1659977301635-768x387.jpg 768w, https:\/\/www.buildingthebody.org\/wp-content\/uploads\/2022\/08\/Book1-page-001-scaled-e1659977301635.jpg 1433w\" sizes=\"(max-width: 1024px) 100vw, 1024px\" \/>\t\t\t\t\t\t\t\t\t\t\t\t\t<\/div>\n\t\t\t\t<\/div>\n\t\t\t\t\t<\/div>\n\t\t<\/div>\n\t\t\t\t\t<\/div>\n\t\t<\/section>\n\t\t\t\t\t<\/div>\n\t\t<\/div>\n\t\t\t\t\t<\/div>\n\t\t<\/section>\n\t\t\t\t<section class=\"elementor-section elementor-top-section elementor-element elementor-element-58dfaec elementor-section-boxed elementor-section-height-default elementor-section-height-default\" data-id=\"58dfaec\" data-element_type=\"section\" data-settings=\"{&quot;background_background&quot;:&quot;classic&quot;}\">\n\t\t\t\t\t\t<div class=\"elementor-container elementor-column-gap-default\">\n\t\t\t\t\t<div class=\"elementor-column elementor-col-100 elementor-top-column elementor-element elementor-element-cd3591e\" data-id=\"cd3591e\" data-element_type=\"column\">\n\t\t\t<div class=\"elementor-widget-wrap elementor-element-populated\">\n\t\t\t\t\t\t<div class=\"elementor-element elementor-element-7e8de74 elementor-widget elementor-widget-spacer\" data-id=\"7e8de74\" data-element_type=\"widget\" data-widget_type=\"spacer.default\">\n\t\t\t\t<div class=\"elementor-widget-container\">\n\t\t\t\t\t<div class=\"elementor-spacer\">\n\t\t\t<div class=\"elementor-spacer-inner\"><\/div>\n\t\t<\/div>\n\t\t\t\t<\/div>\n\t\t\t\t<\/div>\n\t\t\t\t<section class=\"elementor-section elementor-inner-section elementor-element elementor-element-73c177c elementor-section-boxed elementor-section-height-default elementor-section-height-default\" data-id=\"73c177c\" data-element_type=\"section\">\n\t\t\t\t\t\t<div class=\"elementor-container elementor-column-gap-default\">\n\t\t\t\t\t<div class=\"elementor-column elementor-col-50 elementor-inner-column elementor-element elementor-element-9bdb004\" data-id=\"9bdb004\" data-element_type=\"column\">\n\t\t\t<div class=\"elementor-widget-wrap elementor-element-populated\">\n\t\t\t\t\t\t<div class=\"elementor-element elementor-element-134e33f elementor-widget elementor-widget-heading\" data-id=\"134e33f\" data-element_type=\"widget\" data-widget_type=\"heading.default\">\n\t\t\t\t<div class=\"elementor-widget-container\">\n\t\t\t<h2 class=\"elementor-heading-title elementor-size-default\">COMO DAR<\/h2>\t\t<\/div>\n\t\t\t\t<\/div>\n\t\t\t\t<div class=\"elementor-element elementor-element-b16fc47 elementor-widget elementor-widget-heading\" data-id=\"b16fc47\" data-element_type=\"widget\" data-widget_type=\"heading.default\">\n\t\t\t\t<div class=\"elementor-widget-container\">\n\t\t\t<h2 class=\"elementor-heading-title elementor-size-default\"><i>\u00a1Piense la mejor manera en que puede ayudarnos a Construir el Cuerpo de Cristo!<\/i><\/h2>\t\t<\/div>\n\t\t\t\t<\/div>\n\t\t\t\t\t<\/div>\n\t\t<\/div>\n\t\t\t\t<div class=\"elementor-column elementor-col-50 elementor-inner-column elementor-element elementor-element-6e5f739\" data-id=\"6e5f739\" data-element_type=\"column\">\n\t\t\t<div class=\"elementor-widget-wrap elementor-element-populated\">\n\t\t\t\t\t\t<div class=\"elementor-element elementor-element-9c830a8 elementor-widget elementor-widget-text-editor\" data-id=\"9c830a8\" data-element_type=\"widget\" data-widget_type=\"text-editor.default\">\n\t\t\t\t<div class=\"elementor-widget-container\">\n\t\t\t\t\t\t\t<p><b>Efectivo o Cheque<\/b><\/p><p><i>Las donaciones en efectivo son las m\u00e1s comunes y permiten a la parroquia atender sus necesidades inmediatas.<\/i><\/p><p>Donar efectivo es tan simple como escribir un cheque, autorizar un cargo en su tarjeta de cr\u00e9dito (Visa, MasterCard, American Express y Discover) o programar un retiro autom\u00e1tico de su cuenta bancaria. Los cheques deben ser pagaderos a Sacred Heart Catholic Church, Vidalia, GA (escriba Capital Campaign en la l\u00ednea de la nota). Se recomiendan enf\u00e1ticamente los pagos recurrentes y se pueden realizar a trav\u00e9s de nuestro portal de donaciones en l\u00ednea. <a href=\"https:\/\/giving.parishsoft.com\/app\/giving\/sacr3119108\">ParishSoft Giving<\/a>!\u00a0<\/p><p>\u00a0<\/p><p><b>Promesas<\/b><\/p><p><i>Las promesas son compromisos hechos de buena fe pero no son contratos legales.<\/i><\/p><p>Le pedimos que considere hacer una promesa durante un per\u00edodo de un a\u00f1o para maximizar el monto total de su apoyo. Un donante puede cumplir un compromiso mediante cuotas semanales, mensuales, trimestrales, semestrales o anuales. Alentamos a todos los donantes a considerar un pago inicial del 10 al 20 por ciento para comenzar su compromiso.\u00a0<span style=\"color: var(--ast-global-color-3);\">Se recomiendan enf\u00e1ticamente los pagos recurrentes y se pueden realizar a trav\u00e9s de nuestro portal de donaciones en l\u00ednea.<\/span><span style=\"color: var(--ast-global-color-3);\">\u00a0<\/span><span style=\"background-color: #ffffff;\"><a href=\"https:\/\/giving.parishsoft.com\/app\/giving\/sacr3119108\">ParishSoft Giving<\/a><\/span><span style=\"color: var(--ast-global-color-3);\">!<\/span><\/p><p><span style=\"color: var(--ast-global-color-3);\">\u00a0<\/span><\/p><p><b>Valores<\/b><\/p><p><i>Las acciones apreciadas, los bonos o las acciones de fondos mutuos pueden tener un impacto inmediato en nuestra campa\u00f1a.\u00a0<\/i><\/p><p>Los valores crean una deducci\u00f3n de impuestos sobre la renta para usted en funci\u00f3n de su valor actual. Dado que no hay impuesto sobre las ganancias de capital cuando realiza una donaci\u00f3n caritativa, recibe un beneficio fiscal adicional por encima de la donaci\u00f3n caritativa. Comun\u00edquese con la Oficina de Desarrollo y Administraci\u00f3n de la Di\u00f3cesis de Savannah al (912) 201-4050 para obtener m\u00e1s informaci\u00f3n.<\/p><p>\u00a0<\/p><p><b>Regalos a juego<\/b><\/p><p><i>Varias empresas locales ofrecen programas de obsequios equivalentes a los empleados.<\/i><\/p><p>Esto permite que un donante maximice su potencial de donaci\u00f3n y, a menudo, duplique su donaci\u00f3n. Para obtener informaci\u00f3n y los formularios requeridos, consulte con el departamento de recursos humanos de su empresa.<\/p><p>\u00a0<\/p><p><b>Regalos planificados<\/b><\/p><p><i>La donaci\u00f3n planificada es el proceso de seleccionar cuidadosamente el mejor m\u00e9todo y activo para hacer una donaci\u00f3n caritativa.<\/i><\/p><p>Tal obsequio puede permitirle aprovechar al m\u00e1ximo las leyes fiscales para lograr sus objetivos financieros y caritativos. Las donaciones planificadas se pueden realizar a trav\u00e9s de legados por testamento o fideicomiso en vida, fideicomisos caritativos remanentes, fideicomisos ben\u00e9ficos principales, anualidades de donaciones caritativas, beneficios para beneficiarios de seguros de vida, cuentas IRA, pensiones o cuentas financieras.<\/p><p>\u00a0<\/p><p><b>Oraci\u00f3n de apoyo<\/b><\/p><p><i>El regalo m\u00e1s grande que puede dar es el tiempo que dedica a la oraci\u00f3n por la campa\u00f1a.<\/i><\/p><p>Por favor, oren por la bendici\u00f3n continua de nuestra parroquia y misi\u00f3n.<\/p>\t\t\t\t\t\t<\/div>\n\t\t\t\t<\/div>\n\t\t\t\t\t<\/div>\n\t\t<\/div>\n\t\t\t\t\t<\/div>\n\t\t<\/section>\n\t\t\t\t\t<\/div>\n\t\t<\/div>\n\t\t\t\t\t<\/div>\n\t\t<\/section>\n\t\t\t\t<section class=\"elementor-section elementor-top-section elementor-element elementor-element-66050c7 elementor-section-boxed elementor-section-height-default elementor-section-height-default\" data-id=\"66050c7\" data-element_type=\"section\" data-settings=\"{&quot;background_background&quot;:&quot;classic&quot;}\">\n\t\t\t\t\t\t<div class=\"elementor-container elementor-column-gap-default\">\n\t\t\t\t\t<div class=\"elementor-column elementor-col-100 elementor-top-column elementor-element elementor-element-1a420c0\" data-id=\"1a420c0\" data-element_type=\"column\">\n\t\t\t<div class=\"elementor-widget-wrap elementor-element-populated\">\n\t\t\t\t\t\t<div class=\"elementor-element elementor-element-7758d21 elementor-align-center elementor-widget elementor-widget-button\" data-id=\"7758d21\" data-element_type=\"widget\" data-widget_type=\"button.default\">\n\t\t\t\t<div class=\"elementor-widget-container\">\n\t\t\t\t\t<div class=\"elementor-button-wrapper\">\n\t\t\t<a class=\"elementor-button elementor-button-link elementor-size-sm\" href=\"https:\/\/giving.parishsoft.com\/App\/Form\/a638b8b2-d74b-4aed-bd08-8ade14bfa572\">\n\t\t\t\t\t\t<span class=\"elementor-button-content-wrapper\">\n\t\t\t\t\t\t\t\t\t<span class=\"elementor-button-text\">HAZ UNA DONACI\u00d3N<\/span>\n\t\t\t\t\t<\/span>\n\t\t\t\t\t<\/a>\n\t\t<\/div>\n\t\t\t\t<\/div>\n\t\t\t\t<\/div>\n\t\t\t\t\t<\/div>\n\t\t<\/div>\n\t\t\t\t\t<\/div>\n\t\t<\/section>\n\t\t\t\t<\/div>","protected":false},"excerpt":{"rendered":"<p>Ways to Give + We invite parishioners to reorient their lives around God\u2019s providence, to generously pay it forward by taking a risk in trust.&nbsp; We cherish every contribution, no matter the size, because we know giving requires sacrifice. Ultimately, we trust that God is the one Who brings growth, so we can move forward &hellip;<\/p>\n<p class=\"read-more\"> <a class=\"\" href=\"https:\/\/www.buildingthebody.org\/es\/giving-options\/\"> <span class=\"screen-reader-text\">Opciones para Dar<\/span> Leer m\u00e1s &raquo;<\/a><\/p>","protected":false},"author":3,"featured_media":0,"parent":0,"menu_order":0,"comment_status":"closed","ping_status":"closed","template":"","meta":{"site-sidebar-layout":"no-sidebar","site-content-layout":"page-builder","ast-global-header-display":"","ast-main-header-display":"","ast-hfb-above-header-display":"","ast-hfb-below-header-display":"","ast-hfb-mobile-header-display":"","site-post-title":"disabled","ast-breadcrumbs-content":"disabled","ast-featured-img":"disabled","footer-sml-layout":"","theme-transparent-header-meta":"enabled","adv-header-id-meta":"","stick-header-meta":"","header-above-stick-meta":"","header-main-stick-meta":"","header-below-stick-meta":"","footnotes":""},"aioseo_notices":[],"_links":{"self":[{"href":"https:\/\/www.buildingthebody.org\/es\/wp-json\/wp\/v2\/pages\/4108"}],"collection":[{"href":"https:\/\/www.buildingthebody.org\/es\/wp-json\/wp\/v2\/pages"}],"about":[{"href":"https:\/\/www.buildingthebody.org\/es\/wp-json\/wp\/v2\/types\/page"}],"author":[{"embeddable":true,"href":"https:\/\/www.buildingthebody.org\/es\/wp-json\/wp\/v2\/users\/3"}],"replies":[{"embeddable":true,"href":"https:\/\/www.buildingthebody.org\/es\/wp-json\/wp\/v2\/comments?post=4108"}],"version-history":[{"count":10,"href":"https:\/\/www.buildingthebody.org\/es\/wp-json\/wp\/v2\/pages\/4108\/revisions"}],"predecessor-version":[{"id":4300,"href":"https:\/\/www.buildingthebody.org\/es\/wp-json\/wp\/v2\/pages\/4108\/revisions\/4300"}],"wp:attachment":[{"href":"https:\/\/www.buildingthebody.org\/es\/wp-json\/wp\/v2\/media?parent=4108"}],"curies":[{"name":"wp","href":"https:\/\/api.w.org\/{rel}","templated":true}]}}